{"id":4256,"date":"2023-06-15T15:04:50","date_gmt":"2023-06-15T19:04:50","guid":{"rendered":"https:\/\/gorgeous-rose-bobcat.51-79-64-16.cpanel.site\/?page_id=4256"},"modified":"2023-09-11T16:03:16","modified_gmt":"2023-09-11T20:03:16","slug":"nous-joindre","status":"publish","type":"page","link":"https:\/\/dairytrace.ca\/fr\/nous-joindre\/","title":{"rendered":"Nous joindre"},"content":{"rendered":"\n\t<section class=\"section\" id=\"section_789013779\">\n\t\t<div class=\"section-bg fill\" >\n\t\t\t\t\t\t\t\t\t\n\t\t\t\n\n\t\t<\/div>\n\n\t\t\n\n\t\t<div class=\"section-content relative\">\n\t\t\t\n\t<div id=\"gap-1436814819\" class=\"gap-element clearfix\" style=\"display:block; height:auto;\">\n\t\t\n<style>\n#gap-1436814819 {\n  padding-top: 150px;\n}\n@media (min-width:550px) {\n  #gap-1436814819 {\n    padding-top: 200px;\n  }\n}\n<\/style>\n\t<\/div>\n\t\n<div class=\"row\"  id=\"row-136613253\">\n\n\t<div id=\"col-1354798187\" class=\"col small-12 large-12\"  >\n\t\t\t\t<div class=\"col-inner\"  >\n\t\t\t\n\t\t\t\n<h1 class=\"underline\" style=\"font-size: 200%;\">Nous joindre<\/h1>\n\t\t<\/div>\n\t\t\t\t\n<style>\n#col-1354798187 > .col-inner {\n  margin: 0px 0px 0px 0px;\n}\n@media (min-width:550px) {\n  #col-1354798187 > .col-inner {\n    margin: 0px 0px 0px 40px;\n  }\n}\n<\/style>\n\t<\/div>\n\n\t\n<\/div>\n<div class=\"row\"  id=\"row-1329237155\">\n\n\t<div id=\"col-1981336466\" class=\"col medium-6 small-12 large-6\"  >\n\t\t\t\t<div class=\"col-inner\"  >\n\t\t\t\n\t\t\t\n<p class=\"lead\">Votre guichet unique pour d\u00e9clarer des \u00e9v\u00e9nements, commander des identifiants et acc\u00e9der \u00e0 des ressources <\/p>\n<p>Le programme Trac\u00e9Laitier maintient deux centres d\u2019appels bilingues au Canada afin de r\u00e9pondre aux besoins de tous les intervenants jouant un r\u00f4le dans la tra\u00e7abilit\u00e9 des bovins laitiers. Ces intervenants sont entre autres les producteurs laitiers, les v\u00e9t\u00e9rinaires, les installations terminales, les parcs de groupage, les encans, les expositions, les foires, les abattoirs, les importateurs, les exportateurs, les exploitants de parcs d\u2019engraissement et les usines de transformation de la viande.<\/p>\n\t<div class=\"img has-hover x md-x lg-x y md-y lg-y\" id=\"image_1282636940\">\n\t\t\t\t\t\t\t\t<div class=\"img-inner dark\" >\n\t\t\t<img loading=\"lazy\" decoding=\"async\" width=\"672\" height=\"377\" src=\"https:\/\/dairytrace.ca\/wp-content\/uploads\/2023\/05\/calf-picture.jpg\" class=\"attachment-original size-original\" alt=\"\" \/>\t\t\t\t\t\t\n\t\t\t\t\t<\/div>\n\t\t\t\t\t\t\t\t\n<style>\n#image_1282636940 {\n  width: 100%;\n}\n<\/style>\n\t<\/div>\n\t\n<h2>Lactanet peut vous aider<\/h2>\n<p>Visitez <u><a href=\"https:\/\/lactanet.ca\" target=\"_blank\" rel=\"noopener\">lactanet.ca<\/a><\/u><\/p>\n\t\t<\/div>\n\t\t\t\t\n<style>\n#col-1981336466 > .col-inner {\n  padding: 0px 0px 0px 0px;\n}\n@media (min-width:550px) {\n  #col-1981336466 > .col-inner {\n    padding: 0px 100px 0px 40px;\n  }\n}\n<\/style>\n\t<\/div>\n\n\t\n\n\t<div id=\"col-372601777\" class=\"col medium-6 small-12 large-6 small-col-first\"  >\n\t\t\t\t<div class=\"col-inner\"  >\n\t\t\t\n\t\t\t\n\t<div class=\"img has-hover x md-x lg-x y md-y lg-y\" id=\"image_1614408589\">\n\t\t\t\t\t\t\t\t<div class=\"img-inner dark\" >\n\t\t\t<img loading=\"lazy\" decoding=\"async\" width=\"689\" height=\"154\" src=\"https:\/\/dairytrace.ca\/wp-content\/uploads\/2023\/06\/provinces-outside-quebec-fr.png\" class=\"attachment-original size-original\" alt=\"\" \/>\t\t\t\t\t\t\n\t\t\t\t\t<\/div>\n\t\t\t\t\t\t\t\t\n<style>\n#image_1614408589 {\n  width: 70%;\n}\n<\/style>\n\t<\/div>\n\t\n\t<div id=\"text-2299975225\" class=\"text blue-txt\">\n\t\t\n<table border=\"0\">\n<tbody>\n<tr>\n<td width=\"120px\"><strong>Horaire du service de soutien<\/strong><\/td>\n<td>Lundi au vendredi (HNE)<br \/>8 h \u00e0 17 h<\/td>\n<\/tr>\n<tr>\n<td><strong>T\u00e9l\u00e9phone<\/strong><\/td>\n<td>1-866-55-TRACE (1-866-558-7223)<\/td>\n<\/tr>\n<tr>\n<td><strong>Courriel <\/strong><\/td>\n<td><a href=\"mailto:info@TraceLaitier.ca\t\">info@TraceLaitier.ca\t<\/a><\/td>\n<\/tr>\n<tr>\n<td><strong>T\u00e9l\u00e9copieur<\/strong><\/td>\n<td>1-519-756-3502<\/td>\n<\/tr>\n<tr>\n<td><strong>Poste<\/strong><\/td>\n<td>Service \u00e0 la client\u00e8le de Trac\u00e9Laitier<br \/>C.P. 610 <br \/>Brantford (Ontario)  N3T 5R4<\/td>\n<\/tr>\n<\/tbody>\n<\/table>\n\t\t\t<\/div>\n\t\n\t<div class=\"img has-hover x md-x lg-x y md-y lg-y\" id=\"image_102879095\">\n\t\t\t\t\t\t\t\t<div class=\"img-inner dark\" >\n\t\t\t<img loading=\"lazy\" decoding=\"async\" width=\"689\" height=\"154\" src=\"https:\/\/dairytrace.ca\/wp-content\/uploads\/2023\/06\/in-quebec-fr.png\" class=\"attachment-original size-original\" alt=\"Soutien au Qu\u00e9bec \u2013 via Attestra\" \/>\t\t\t\t\t\t\n\t\t\t\t\t<\/div>\n\t\t\t\t\t\t\t\t\n<style>\n#image_102879095 {\n  width: 70%;\n}\n<\/style>\n\t<\/div>\n\t\n\t<div id=\"text-859172989\" class=\"text blue-txt\">\n\t\t\n<table border=\"0\">\n<tbody>\n<tr>\n<td width=\"120px\"><strong>Horaire du service de soutien<\/strong><\/td>\n<td>Lundi au vendredi (HNE)<br \/>8 h 30 \u00e0 12 h et 13 h \u00e0 16 h 30<\/td>\n<\/tr>\n<tr>\n<td><strong>T\u00e9l\u00e9phone<\/strong><\/td>\n<td>1-866-270-4319 ou 1-450-677-1757<\/td>\n<\/tr>\n<tr>\n<td><strong>Courriel\t<\/strong><\/td>\n<td><a href=\"mailto:sac@attestra.com\">sac@attestra.com<\/a><\/td>\n<\/tr>\n<tr>\n<td><strong>T\u00e9l\u00e9copieur<\/strong><\/td>\n<td>1-866-473-4033<\/td>\n<\/tr>\n<tr>\n<td><strong>Poste<\/strong><\/td>\n<td>Service \u00e0 la client\u00e8le d\u2019Attestra \/ Trac\u00e9Laitier<br \/>555, boul. Roland-Therrien, bureau 50<br \/>Longueuil (Qu\u00e9bec)  J4H 4E8<\/td>\n<\/tr>\n<\/tbody>\n<\/table>\n\t\t\t<\/div>\n\t\n\t\t<\/div>\n\t\t\t\t\t<\/div>\n\n\t\n<\/div>\n\t<div id=\"gap-874723318\" class=\"gap-element clearfix\" style=\"display:block; height:auto;\">\n\t\t\n<style>\n#gap-874723318 {\n  padding-top: 30px;\n}\n<\/style>\n\t<\/div>\n\t\n\t\t<\/div>\n\n\t\t\n<style>\n#section_789013779 {\n  padding-top: 0px;\n  padding-bottom: 0px;\n  background-color: rgb(230, 237, 245);\n}\n<\/style>\n\t<\/section>\n\t\n\n  <div class=\"banner has-hover\" id=\"banner-956478531\">\n          <div class=\"banner-inner fill\">\n        <div class=\"banner-bg fill\" >\n            <img loading=\"lazy\" decoding=\"async\" width=\"1920\" height=\"500\" src=\"https:\/\/dairytrace.ca\/wp-content\/uploads\/2023\/04\/footer-connect.jpg\" class=\"bg attachment-original size-original\" alt=\"\" \/>                                    \n                    <\/div>\n\t\t\n        <div class=\"banner-layers container\">\n            <div class=\"fill banner-link\"><\/div>            \n\n   <div id=\"text-box-1946782162\" class=\"text-box banner-layer x50 md-x90 lg-x95 y5 md-y10 lg-y10 res-text\">\n                                <div class=\"text-box-content text \">\n              \n              <div class=\"text-inner text-center\">\n                  \n\n<div class=\"row\"  id=\"row-1063852675\">\n\n\n\t<div id=\"col-1154177053\" class=\"col small-12 large-12\"  >\n\t\t\t\t<div class=\"col-inner text-left\"  >\n\t\t\t\n\t\t\t\n\n<h3>Communiquez avec Trac\u00e9Laitier<\/h3>\n\t<div id=\"gap-1014001406\" class=\"gap-element clearfix\" style=\"display:block; height:auto;\">\n\t\t\n<style>\n#gap-1014001406 {\n  padding-top: 50px;\n}\n<\/style>\n\t<\/div>\n\t\n\n<div class=\"row align-middle\"  id=\"row-832719419\">\n\n\n\t<div id=\"col-630808040\" class=\"col medium-6 small-12 large-6\"  >\n\t\t\t\t<div class=\"col-inner\"  >\n\t\t\t\n\t\t\t\n\n\t<div class=\"img has-hover x md-x lg-x y md-y lg-y\" id=\"image_1523031102\">\n\t\t<a class=\"\" href=\"\/nous-joindre\/\" >\t\t\t\t\t\t<div class=\"img-inner dark\" >\n\t\t\t<img loading=\"lazy\" decoding=\"async\" width=\"312\" height=\"156\" src=\"https:\/\/dairytrace.ca\/wp-content\/uploads\/2023\/07\/need-help-fr.png\" class=\"attachment-original size-original\" alt=\"\" \/>\t\t\t\t\t\t\n\t\t\t\t\t<\/div>\n\t\t\t\t\t\t<\/a>\t\t\n<style>\n#image_1523031102 {\n  width: 70%;\n}\n@media (min-width:550px) {\n  #image_1523031102 {\n    width: 76%;\n  }\n}\n<\/style>\n\t<\/div>\n\t\n\n\n\t\t<\/div>\n\t\t\t\t\t<\/div>\n\n\t\n\n\t<div id=\"col-260707989\" class=\"col medium-6 small-12 large-6\"  >\n\t\t\t\t<div class=\"col-inner\"  >\n\t\t\t\n\t\t\t\n\n\t<div class=\"img has-hover x md-x lg-x y md-y lg-y\" id=\"image_968439602\">\n\t\t<a class=\"\" href=\"\/infolettre\/\" >\t\t\t\t\t\t<div class=\"img-inner dark\" >\n\t\t\t<img loading=\"lazy\" decoding=\"async\" width=\"488\" height=\"157\" src=\"https:\/\/dairytrace.ca\/wp-content\/uploads\/2023\/07\/newsletter-fr.jpg\" class=\"attachment-original size-original\" alt=\"\" \/>\t\t\t\t\t\t\n\t\t\t\t\t<\/div>\n\t\t\t\t\t\t<\/a>\t\t\n<style>\n#image_968439602 {\n  width: 90%;\n}\n@media (min-width:550px) {\n  #image_968439602 {\n    width: 100%;\n  }\n}\n<\/style>\n\t<\/div>\n\t\n\n\n\t\t<\/div>\n\t\t\t\t\n<style>\n#col-260707989 > .col-inner {\n  padding: 0px 0px 0px 0px;\n  margin: 0px 0px 0px 0px;\n}\n<\/style>\n\t<\/div>\n\n\t\n\n<\/div>\n\n\t\t<\/div>\n\t\t\t\t\t<\/div>\n\n\t\n\n<\/div>\n\n              <\/div>\n           <\/div>\n                            \n<style>\n#text-box-1946782162 {\n  width: 90%;\n}\n#text-box-1946782162 .text-box-content {\n  font-size: 100%;\n}\n@media (min-width:550px) {\n  #text-box-1946782162 {\n    width: 60%;\n  }\n}\n<\/style>\n    <\/div>\n \n\n        <\/div>\n      <\/div>\n\n            \n<style>\n#banner-956478531 {\n  padding-top: 500px;\n  background-color: rgb(255, 255, 255);\n}\n#banner-956478531 .banner-bg img {\n  object-position: 53% 1%;\n}\n<\/style>\n  <\/div>\n\n\n\n\t<section class=\"section dark\" id=\"section_588724769\">\n\t\t<div class=\"section-bg fill\" >\n\t\t\t\t\t\t\t\t\t\n\t\t\t\n\n\t\t<\/div>\n\n\t\t\n\n\t\t<div class=\"section-content relative\">\n\t\t\t\n\n<div class=\"row align-middle\"  id=\"row-1212213125\">\n\n\n\t<div id=\"col-854498506\" class=\"col medium-9 small-12 large-9\"  >\n\t\t\t\t<div class=\"col-inner dark\"  >\n\t\t\t\n\t\t\t\n\n\n\t\t<div class=\"icon-box featured-box icon-box-left text-left\"  >\n\t\t\t\t\t<div class=\"icon-box-img\" style=\"width: 107px\">\n\t\t\t\t<div class=\"icon\">\n\t\t\t\t\t<div class=\"icon-inner\" >\n\t\t\t\t\t\t<img loading=\"lazy\" decoding=\"async\" width=\"300\" height=\"272\" src=\"https:\/\/dairytrace.ca\/wp-content\/uploads\/2020\/07\/Resources-Media-DairyTrace-logomark-inverse-white-300x272.png\" class=\"attachment-medium size-medium\" alt=\"DairyTrace logomark inverse white\" srcset=\"https:\/\/dairytrace.ca\/wp-content\/uploads\/2020\/07\/Resources-Media-DairyTrace-logomark-inverse-white-300x272.png 300w, https:\/\/dairytrace.ca\/wp-content\/uploads\/2020\/07\/Resources-Media-DairyTrace-logomark-inverse-white.png 335w\" sizes=\"auto, (max-width: 300px) 100vw, 300px\" \/>\t\t\t\t\t<\/div>\n\t\t\t\t<\/div>\n\t\t\t<\/div>\n\t\t\t\t<div class=\"icon-box-text last-reset\">\n\t\t\t\t\t\t\t\t\t\n\n<p><span style=\"font-size:150%\">Trac\u00e9Laitier<\/span><br \/>660, avenue Speedvale Ouest, bureau 101<br \/>\nGuelph (Ontario) N1K 1E5<\/p>\n<p>\u00a9 <strong>Trac\u00e9Laitier<\/strong> 2026 &nbsp; | &nbsp; <a href=\"\/nous-joindre\/\">Nous joindre<\/a> &nbsp; | &nbsp;<a href=\"\/politique-de-confidentialite\/\"> Politique de confidentialit\u00e9<\/a><\/p>\n\n\t\t<\/div>\n\t<\/div>\n\t\n\t\n\n\t\t<\/div>\n\t\t\t\t\t<\/div>\n\n\t\n\n\t<div id=\"col-214048821\" class=\"col medium-3 small-12 large-3\"  >\n\t\t\t\t<div class=\"col-inner text-right dark\"  >\n\t\t\t\n\t\t\t\n\n<div class=\"social-icons follow-icons\" style=\"font-size:133%\"><a href=\"https:\/\/www.facebook.com\/lactanet\/\" target=\"_blank\" data-label=\"Facebook\" class=\"icon plain tooltip facebook\" title=\"Nous suivre sur Facebook\" aria-label=\"Nous suivre sur Facebook\" rel=\"noopener nofollow\"><i class=\"fa-brands fa-facebook\"><\/i><\/a><a href=\"https:\/\/www.instagram.com\/lactanet_canada\/\" target=\"_blank\" data-label=\"Instagram\" class=\"icon plain tooltip instagram\" title=\"Nous suivre sur Instagram\" aria-label=\"Nous suivre sur Instagram\" rel=\"noopener nofollow\"><i class=\"icon-instagram\" aria-hidden=\"true\"><\/i><\/a><a href=\"https:\/\/twitter.com\/Lactanet_Canada\" data-label=\"Twitter\" target=\"_blank\" class=\"icon plain tooltip twitter\" title=\"Nous suivre sur Twitter\" aria-label=\"Nous suivre sur Twitter\" rel=\"noopener nofollow\"><i class=\"fa-brands fa-x-twitter\"><\/i><\/a><a href=\"https:\/\/www.linkedin.com\/company\/lactanetcanada\" data-label=\"LinkedIn\" target=\"_blank\" class=\"icon plain tooltip linkedin\" title=\"Nous suivre sur LinkedIn\" aria-label=\"Nous suivre sur LinkedIn\" rel=\"noopener nofollow\"><i class=\"icon-linkedin\" aria-hidden=\"true\"><\/i><\/a><a href=\"https:\/\/www.youtube.com\/playlist?list=PLq75Lfb_6g2IqDS97rM9oQmify6wRGDlD\" data-label=\"YouTube\" target=\"_blank\" class=\"icon plain tooltip youtube\" title=\"Nous suivre sur Youtube\" aria-label=\"Nous suivre sur Youtube\" rel=\"noopener nofollow\"><i class=\"icon-youtube\" aria-hidden=\"true\"><\/i><\/a><\/div>\n\n\n\t\t<\/div>\n\t\t\t\t\t<\/div>\n\n\t\n\n<\/div>\n\n\t\t<\/div>\n\n\t\t\n<style>\n#section_588724769 {\n  padding-top: 30px;\n  padding-bottom: 30px;\n  background-color: rgb(0, 81, 149);\n}\n<\/style>\n\t<\/section>\n\t\n","protected":false},"excerpt":{"rendered":"","protected":false},"author":9,"featured_media":0,"parent":0,"menu_order":0,"comment_status":"closed","ping_status":"closed","template":"page-transparent-header.php","meta":{"footnotes":""},"class_list":["post-4256","page","type-page","status-publish","hentry"],"_links":{"self":[{"href":"https:\/\/dairytrace.ca\/fr\/wp-json\/wp\/v2\/pages\/4256","targetHints":{"allow":["GET"]}}],"collection":[{"href":"https:\/\/dairytrace.ca\/fr\/wp-json\/wp\/v2\/pages"}],"about":[{"href":"https:\/\/dairytrace.ca\/fr\/wp-json\/wp\/v2\/types\/page"}],"author":[{"embeddable":true,"href":"https:\/\/dairytrace.ca\/fr\/wp-json\/wp\/v2\/users\/9"}],"replies":[{"embeddable":true,"href":"https:\/\/dairytrace.ca\/fr\/wp-json\/wp\/v2\/comments?post=4256"}],"version-history":[{"count":19,"href":"https:\/\/dairytrace.ca\/fr\/wp-json\/wp\/v2\/pages\/4256\/revisions"}],"predecessor-version":[{"id":5237,"href":"https:\/\/dairytrace.ca\/fr\/wp-json\/wp\/v2\/pages\/4256\/revisions\/5237"}],"wp:attachment":[{"href":"https:\/\/dairytrace.ca\/fr\/wp-json\/wp\/v2\/media?parent=4256"}],"curies":[{"name":"wp","href":"https:\/\/api.w.org\/{rel}","templated":true}]}}